{"id":60,"date":"2015-08-26T20:38:46","date_gmt":"2015-08-26T18:38:46","guid":{"rendered":"http:\/\/www.visvis.se\/?page_id=60"},"modified":"2022-03-01T14:39:54","modified_gmt":"2022-03-01T13:39:54","slug":"detta-erbjuder-vi","status":"publish","type":"page","link":"http:\/\/www.visvis.se\/index.php\/detta-erbjuder-vi\/","title":{"rendered":"VIS erbjuder"},"content":{"rendered":"<h2><span style=\"color: #ffffff;\">.<\/span><\/h2>\n<p><strong>VIS erbjuder b\u00e5de skr\u00e4ddarsydda tj\u00e4nster, f\u00e4rdiga moduler och paket, ett VIS-partnerskap samt kontakt mellan skola och f\u00f6retag. L\u00e4s mer om v\u00e5ra erbjudanden via l\u00e4nkarna.<\/strong><\/p>\n<ul>\n<li><a href=\"http:\/\/www.visvis.se\/index.php\/detta-erbjuder-vi\/oppna-aktiviteter\/\">Skr\u00e4ddarsydda tj\u00e4nster helt efter dina behov<\/a><\/li>\n<li><a href=\"http:\/\/www.visvis.se\/index.php\/detta-erbjuder-vi\/paket-och-moduler-oversikt\/\">F\u00e4rdiga moduler och paket &#8211; \u00f6versikt<\/a><\/li>\n<li><a href=\"http:\/\/www.visvis.se\/index.php\/vis-partner\/\">VIS-partner<\/a><\/li>\n<li><a href=\"http:\/\/www.visvis.se\/index.php\/vis-skola-foretag\/\">Skola &amp; f\u00f6retag<\/a><\/li>\n<\/ul>\n\n\n<p><\/p>\n","protected":false},"excerpt":{"rendered":"<p>. VIS erbjuder b\u00e5de skr\u00e4ddarsydda tj\u00e4nster, f\u00e4rdiga moduler och paket, ett VIS-partnerskap samt kontakt mellan skola och f\u00f6retag. L\u00e4s mer om v\u00e5ra erbjudanden via l\u00e4nkarna. Skr\u00e4ddarsydda tj\u00e4nster helt efter dina behov F\u00e4rdiga moduler och paket &#8211; \u00f6versikt VIS-partner Skola &amp; f\u00f6retag<\/p>\n","protected":false},"author":1,"featured_media":101,"parent":0,"menu_order":0,"comment_status":"closed","ping_status":"closed","template":"","meta":{"jetpack_post_was_ever_published":false},"jetpack_shortlink":"https:\/\/wp.me\/P7ym19-Y","jetpack-related-posts":[{"id":1058,"url":"http:\/\/www.visvis.se\/index.php\/detta-erbjuder-vi\/vis-skola-foretag\/","url_meta":{"origin":60,"position":0},"title":"VIS skola &#038; f\u00f6retag","date":"23 augusti, 2018","format":false,"excerpt":"Du \u00e4r l\u00e4rare, \u00e4mnesansvarig eller kanske rektor och s\u00f6ker f\u00f6retag som \u00e4r villiga att engagera sig i elevernas gymnasiearbete. VIS kan f\u00f6rmedla kontakten och bist\u00e5 med handledning. Eller ocks\u00e5 \u00e4r du chef eller medarbetare p\u00e5 ett f\u00f6retag som vill f\u00f6rb\u00e4ttra sin kontakt med skolan, t ex visa upp f\u00f6retagets teknologi\u2026","rel":"","context":"Liknande inl\u00e4gg","img":{"alt_text":"","src":"","width":0,"height":0},"classes":[]},{"id":813,"url":"http:\/\/www.visvis.se\/index.php\/detta-erbjuder-vi\/paket-och-moduler-oversikt\/","url_meta":{"origin":60,"position":1},"title":"Paket och moduler &#8211; introduktion och \u00f6versikt","date":"16 februari, 2018","format":false,"excerpt":"VIS paket och moduler kan anv\u00e4ndas frist\u00e5ende eller som start p\u00e5 ett skr\u00e4ddarsytt projekt. De kan anpassas efter dina speciella \u00f6nskem\u00e5l. L\u00e4s introduktionerna nedan och klicka p\u00e5 resp rubrik om du vill ha mer information. Vill du ha mer information, kontakta VIS. Utbildning till processledare Skicklig hantering av processer \u00e4r\u2026","rel":"","context":"Liknande inl\u00e4gg","img":{"alt_text":"","src":"https:\/\/i0.wp.com\/www.visvis.se\/wp-content\/uploads\/2015\/08\/vara_tjanster_startsida.jpg?resize=350%2C200","width":350,"height":200},"classes":[]},{"id":1042,"url":"http:\/\/www.visvis.se\/index.php\/detta-erbjuder-vi\/paket-och-moduler-oversikt\/utbildning-till-processledare\/","url_meta":{"origin":60,"position":2},"title":"&#8211; Utbildning till processledare","date":"19 augusti, 2018","format":false,"excerpt":"VIS - Processledarutbildning i moduler - faktablad","rel":"","context":"Liknande inl\u00e4gg","img":{"alt_text":"","src":"","width":0,"height":0},"classes":[]},{"id":387,"url":"http:\/\/www.visvis.se\/index.php\/detta-erbjuder-vi\/oppna-aktiviteter\/","url_meta":{"origin":60,"position":3},"title":"Skr\u00e4ddarsydda tj\u00e4nster","date":"28 januari, 2016","format":false,"excerpt":"VIS kan utifr\u00e5n uppdragsgivarens behov och \u00f6nskem\u00e5l hj\u00e4lpa till med: l\u00e4rarfortbildning ledarskapsutveckling mentorskap\/coachning analyser av utvecklingsbehov processt\u00f6d handledning i uppf\u00f6ljning utv\u00e4rdering av utvecklingsarbete forsknings\u00f6versikter och -sammanfattningar","rel":"","context":"Liknande inl\u00e4gg","img":{"alt_text":"","src":"","width":0,"height":0},"classes":[]},{"id":73,"url":"http:\/\/www.visvis.se\/index.php\/detta-erbjuder-vi\/vis-forstelar-kompetensutveckling-for-forstelarare\/","url_meta":{"origin":60,"position":4},"title":"&#8211; VIS F\u00f6rsteL\u00e4r &#8211; kompetensutveckling f\u00f6r f\u00f6rstel\u00e4rare","date":"26 augusti, 2015","format":false,"excerpt":"VIS F\u00f6rsteL\u00e4r har skapats av erfarna VIS-l\u00e4rare och \u00e4r ett helt system f\u00f6r utveckling av f\u00f6rstel\u00e4rarens kompetens. Siktet \u00e4r inst\u00e4llt p\u00e5 f\u00f6rstel\u00e4rararens centrala uppgifter: att handleda kolleger och leda kollegialt l\u00e4rande. Systemet erbjuder arbetsverktyg, f\u00f6rdjupad kunskap och erfarenhetsutbyte. Det best\u00e5r av moduler med anpassbara till\u00e4gg inom omr\u00e5den som en f\u00f6rstel\u00e4rare\u2026","rel":"","context":"Liknande inl\u00e4gg","img":{"alt_text":"","src":"","width":0,"height":0},"classes":[]},{"id":63,"url":"http:\/\/www.visvis.se\/index.php\/om-oss\/genomforda-uppdrag\/","url_meta":{"origin":60,"position":5},"title":"Uppdrag och projekt &#8211; exempel","date":"26 augusti, 2015","format":false,"excerpt":"H\u00e4r f\u00e5r du exempel p\u00e5 uppdrag och projekt som VIS arbetat med de senaste \u00e5ren. Mer om verksamheten hittar du ocks\u00e5 p\u00e5 Facebook. SKOLUTVECKLING ALLM\u00c4NT P\u00e5 nationell niv\u00e5 Utveckling av modell f\u00f6r samverkan skola- f\u00f6retag 2017 \u2013 2018 med st\u00f6d av VINNOVA Analys av l\u00e4rares erfarenheter av och inst\u00e4llning till\u2026","rel":"","context":"Liknande inl\u00e4gg","img":{"alt_text":"","src":"https:\/\/i0.wp.com\/www.visvis.se\/wp-content\/uploads\/2015\/11\/mariasuddig_slide.jpg?resize=350%2C200","width":350,"height":200},"classes":[]}],"jetpack_sharing_enabled":true,"_links":{"self":[{"href":"http:\/\/www.visvis.se\/index.php\/wp-json\/wp\/v2\/pages\/60"}],"collection":[{"href":"http:\/\/www.visvis.se\/index.php\/wp-json\/wp\/v2\/pages"}],"about":[{"href":"http:\/\/www.visvis.se\/index.php\/wp-json\/wp\/v2\/types\/page"}],"author":[{"embeddable":true,"href":"http:\/\/www.visvis.se\/index.php\/wp-json\/wp\/v2\/users\/1"}],"replies":[{"embeddable":true,"href":"http:\/\/www.visvis.se\/index.php\/wp-json\/wp\/v2\/comments?post=60"}],"version-history":[{"count":31,"href":"http:\/\/www.visvis.se\/index.php\/wp-json\/wp\/v2\/pages\/60\/revisions"}],"predecessor-version":[{"id":2601,"href":"http:\/\/www.visvis.se\/index.php\/wp-json\/wp\/v2\/pages\/60\/revisions\/2601"}],"wp:featuredmedia":[{"embeddable":true,"href":"http:\/\/www.visvis.se\/index.php\/wp-json\/wp\/v2\/media\/101"}],"wp:attachment":[{"href":"http:\/\/www.visvis.se\/index.php\/wp-json\/wp\/v2\/media?parent=60"}],"curies":[{"name":"wp","href":"https:\/\/api.w.org\/{rel}","templated":true}]}}