{"id":530,"date":"2016-06-19T23:00:54","date_gmt":"2016-06-19T21:00:54","guid":{"rendered":"http:\/\/www.visvis.se\/?page_id=530"},"modified":"2017-02-18T13:33:58","modified_gmt":"2017-02-18T12:33:58","slug":"vi-samarbetar-med-vis","status":"publish","type":"page","link":"http:\/\/www.visvis.se\/index.php\/om-oss\/vi-samarbetar-med-vis\/","title":{"rendered":"VIS samarbetar med"},"content":{"rendered":"<div id=\"attachment_695\" style=\"width: 427px\" class=\"wp-caption alignleft\"><img aria-describedby=\"caption-attachment-695\" data-attachment-id=\"695\" data-permalink=\"http:\/\/www.visvis.se\/index.php\/om-oss\/vi-samarbetar-med-vis\/vis-samarbete-170126\/\" data-orig-file=\"http:\/\/www.visvis.se\/wp-content\/uploads\/2017\/02\/VIS-samarbete-170126.jpg\" data-orig-size=\"720,540\" data-comments-opened=\"0\" data-image-meta=\"{&quot;aperture&quot;:&quot;0&quot;,&quot;credit&quot;:&quot;&quot;,&quot;camera&quot;:&quot;&quot;,&quot;caption&quot;:&quot;&quot;,&quot;created_timestamp&quot;:&quot;0&quot;,&quot;copyright&quot;:&quot;&quot;,&quot;focal_length&quot;:&quot;0&quot;,&quot;iso&quot;:&quot;0&quot;,&quot;shutter_speed&quot;:&quot;0&quot;,&quot;title&quot;:&quot;&quot;,&quot;orientation&quot;:&quot;0&quot;}\" data-image-title=\"VIS samarbete 170126\" data-image-description=\"\" data-image-caption=\"\" data-medium-file=\"http:\/\/www.visvis.se\/wp-content\/uploads\/2017\/02\/VIS-samarbete-170126-300x225.jpg\" data-large-file=\"http:\/\/www.visvis.se\/wp-content\/uploads\/2017\/02\/VIS-samarbete-170126.jpg\" decoding=\"async\" loading=\"lazy\" class=\"wp-image-695 \" src=\"http:\/\/www.visvis.se\/wp-content\/uploads\/2017\/02\/VIS-samarbete-170126-300x225.jpg\" alt=\"VIS samarbete 170126\" width=\"417\" height=\"313\" srcset=\"http:\/\/www.visvis.se\/wp-content\/uploads\/2017\/02\/VIS-samarbete-170126-300x225.jpg 300w, http:\/\/www.visvis.se\/wp-content\/uploads\/2017\/02\/VIS-samarbete-170126.jpg 720w\" sizes=\"(max-width: 417px) 100vw, 417px\" \/><p id=\"caption-attachment-695\" class=\"wp-caption-text\">VIS samarbetar med kommuner, skolor, f\u00f6retag och andra akt\u00f6rer, fr\u00e4mst i Sk\u00e5ne.<\/p><\/div>\n<h3><\/h3>\n","protected":false},"excerpt":{"rendered":"","protected":false},"author":1,"featured_media":695,"parent":53,"menu_order":0,"comment_status":"closed","ping_status":"closed","template":"","meta":{"jetpack_post_was_ever_published":false},"jetpack_shortlink":"https:\/\/wp.me\/P7ym19-8y","jetpack-related-posts":[{"id":1058,"url":"http:\/\/www.visvis.se\/index.php\/detta-erbjuder-vi\/vis-skola-foretag\/","url_meta":{"origin":530,"position":0},"title":"VIS skola &#038; f\u00f6retag","date":"23 augusti, 2018","format":false,"excerpt":"Du \u00e4r l\u00e4rare, \u00e4mnesansvarig eller kanske rektor och s\u00f6ker f\u00f6retag som \u00e4r villiga att engagera sig i elevernas gymnasiearbete. VIS kan f\u00f6rmedla kontakten och bist\u00e5 med handledning. Eller ocks\u00e5 \u00e4r du chef eller medarbetare p\u00e5 ett f\u00f6retag som vill f\u00f6rb\u00e4ttra sin kontakt med skolan, t ex visa upp f\u00f6retagets teknologi\u2026","rel":"","context":"Liknande inl\u00e4gg","img":{"alt_text":"","src":"","width":0,"height":0},"classes":[]},{"id":603,"url":"http:\/\/www.visvis.se\/index.php\/mot-forskarna\/aktuellt\/","url_meta":{"origin":530,"position":1},"title":"M\u00f6t forskarna &#8211; bakgrund","date":"25 november, 2016","format":false,"excerpt":"\u201dM\u00f6t forskarna\u201d bygger bl a p\u00e5 erfarenheter fr\u00e5n den verksamhet som sedan m\u00e5nga \u00e5r bedrivits av Forskningsn\u00e4tet Sk\u00e5ne, en grupp sk\u00e5nska skolor som samarbetar f\u00f6r att utveckla vetenskapliga perspektiv i gymnasieskolan. VIS fungerar sedan l\u00e4nge som arrang\u00f6r av all verksamhet inom Forskningsn\u00e4tet. H\u00e4r hittar med information om Forskningsn\u00e4tet Sk\u00e5ne. Hur\u2026","rel":"","context":"Liknande inl\u00e4gg","img":{"alt_text":"","src":"","width":0,"height":0},"classes":[]},{"id":302,"url":"http:\/\/www.visvis.se\/index.php\/vis-vetenskap-i-skolan\/","url_meta":{"origin":530,"position":2},"title":"VIS &#8211; vetenskap i skolan","date":"23 november, 2015","format":false,"excerpt":"Med VIS som partner i skolutvecklingen f\u00e5r du tillg\u00e5ng till forskarutbildade l\u00e4rare. En unik resurs som \u00e4r v\u00e4l insatta i forskningens senaste r\u00f6n och har rej\u00e4l erfarenhet fr\u00e5n klassrummet. \u00a0","rel":"","context":"Liknande inl\u00e4gg","img":{"alt_text":"","src":"","width":0,"height":0},"classes":[]},{"id":84,"url":"http:\/\/www.visvis.se\/index.php\/om-oss\/var-finns-vi\/","url_meta":{"origin":530,"position":3},"title":"Var finns vi?","date":"26 augusti, 2015","format":false,"excerpt":"VIS har sin bas i Sk\u00e5ne och men genomf\u00f6r idag uppdrag \u00e4ven p\u00e5 andra h\u00e5ll i Sverige. VIS utvecklar hela tiden samarbetet med forskarutbildade l\u00e4rare utanf\u00f6r Sk\u00e5ne. \u00c4r du forskarutbildad l\u00e4rare verksam utanf\u00f6r Sk\u00e5ne? Tycker du att VIS verksamhetsid\u00e9 \u00e4r intressant och skulle vilja bli medlem? Eller kanske \u00e4ven pr\u00f6va\u2026","rel":"","context":"Liknande inl\u00e4gg","img":{"alt_text":"","src":"https:\/\/i0.wp.com\/www.visvis.se\/wp-content\/uploads\/2018\/04\/fargplattaVIS.jpg?resize=350%2C200","width":350,"height":200},"classes":[]},{"id":53,"url":"http:\/\/www.visvis.se\/index.php\/om-oss\/","url_meta":{"origin":530,"position":4},"title":"Om oss","date":"26 augusti, 2015","format":false,"excerpt":"VIS st\u00e5r p\u00e5 vetenskaplig grund VIS erbjuder skolutveckling p\u00e5 vetenskaplig grund. VIS arbetar ocks\u00e5 f\u00f6r att allm\u00e4nt st\u00e4rka vetenskapliga perspektiv i skolan, \u00a0t ex genom att l\u00e5ta eleverna m\u00f6ta forskare och arbeta tillsammans med dem i olika projekt. . Organisationen VIS VIS \u00e4r ett producentkooperativ som drivs av de forskarutbildade\u2026","rel":"","context":"Liknande inl\u00e4gg","img":{"alt_text":"","src":"https:\/\/i0.wp.com\/www.visvis.se\/wp-content\/uploads\/2015\/08\/skanekartavis2.png?resize=350%2C200","width":350,"height":200},"classes":[]},{"id":513,"url":"http:\/\/www.visvis.se\/index.php\/detta-erbjuder-vi\/vis-partner\/","url_meta":{"origin":530,"position":5},"title":"VIS-partner","date":"19 juni, 2016","format":false,"excerpt":"VIS-partner vill sl\u00e5 ett slag f\u00f6r mer vetenskap i skolan VIS-partner \u00e4r ett erbjudande till skolor och andra utbildningsanordnare som vill ha in mer av vetenskapliga perspektiv i utveckling, l\u00e4rarfortbildning och undervisning. VIS-PARTNER ger tillg\u00e5ng till kompetensen hos en stor grupp forskarutbildade l\u00e4rare i olika \u00e4mnen och en bank av\u2026","rel":"","context":"Liknande inl\u00e4gg","img":{"alt_text":"","src":"https:\/\/i0.wp.com\/www.visvis.se\/wp-content\/uploads\/2016\/06\/visloggan1.jpg?resize=350%2C200","width":350,"height":200},"classes":[]}],"jetpack_sharing_enabled":true,"_links":{"self":[{"href":"http:\/\/www.visvis.se\/index.php\/wp-json\/wp\/v2\/pages\/530"}],"collection":[{"href":"http:\/\/www.visvis.se\/index.php\/wp-json\/wp\/v2\/pages"}],"about":[{"href":"http:\/\/www.visvis.se\/index.php\/wp-json\/wp\/v2\/types\/page"}],"author":[{"embeddable":true,"href":"http:\/\/www.visvis.se\/index.php\/wp-json\/wp\/v2\/users\/1"}],"replies":[{"embeddable":true,"href":"http:\/\/www.visvis.se\/index.php\/wp-json\/wp\/v2\/comments?post=530"}],"version-history":[{"count":13,"href":"http:\/\/www.visvis.se\/index.php\/wp-json\/wp\/v2\/pages\/530\/revisions"}],"predecessor-version":[{"id":697,"href":"http:\/\/www.visvis.se\/index.php\/wp-json\/wp\/v2\/pages\/530\/revisions\/697"}],"up":[{"embeddable":true,"href":"http:\/\/www.visvis.se\/index.php\/wp-json\/wp\/v2\/pages\/53"}],"wp:featuredmedia":[{"embeddable":true,"href":"http:\/\/www.visvis.se\/index.php\/wp-json\/wp\/v2\/media\/695"}],"wp:attachment":[{"href":"http:\/\/www.visvis.se\/index.php\/wp-json\/wp\/v2\/media?parent=530"}],"curies":[{"name":"wp","href":"https:\/\/api.w.org\/{rel}","templated":true}]}}