{"id":480,"date":"2020-11-24T13:59:00","date_gmt":"2020-11-24T12:59:00","guid":{"rendered":"http:\/\/www.visvis.se\/?page_id=480"},"modified":"2022-10-21T13:00:41","modified_gmt":"2022-10-21T11:00:41","slug":"aktuellt","status":"publish","type":"page","link":"http:\/\/www.visvis.se\/index.php\/aktuellt\/","title":{"rendered":"VIS-kalendariet"},"content":{"rendered":"\n<div class=\"is-layout-flex wp-container-3 wp-block-columns\">\n<div class=\"is-layout-flow wp-block-column\" style=\"flex-basis:100%\">\n<div class=\"is-layout-flow wp-block-group\"><div class=\"wp-block-group__inner-container\">\n<p><img data-attachment-id=\"2738\" data-permalink=\"http:\/\/www.visvis.se\/index.php\/aktuellt\/vis-kalendariet\/\" data-orig-file=\"http:\/\/www.visvis.se\/wp-content\/uploads\/2022\/05\/vis-kalendariet.jpg\" data-orig-size=\"1280,493\" data-comments-opened=\"0\" data-image-meta=\"{&quot;aperture&quot;:&quot;0&quot;,&quot;credit&quot;:&quot;&quot;,&quot;camera&quot;:&quot;&quot;,&quot;caption&quot;:&quot;&quot;,&quot;created_timestamp&quot;:&quot;0&quot;,&quot;copyright&quot;:&quot;&quot;,&quot;focal_length&quot;:&quot;0&quot;,&quot;iso&quot;:&quot;0&quot;,&quot;shutter_speed&quot;:&quot;0&quot;,&quot;title&quot;:&quot;&quot;,&quot;orientation&quot;:&quot;0&quot;}\" data-image-title=\"vis-kalendariet\" data-image-description=\"\" data-image-caption=\"\" data-medium-file=\"http:\/\/www.visvis.se\/wp-content\/uploads\/2022\/05\/vis-kalendariet-300x116.jpg\" data-large-file=\"http:\/\/www.visvis.se\/wp-content\/uploads\/2022\/05\/vis-kalendariet-1024x394.jpg\" decoding=\"async\" loading=\"lazy\" class=\"alignleft size-large wp-image-2738\" src=\"http:\/\/www.visvis.se\/wp-content\/uploads\/2022\/05\/vis-kalendariet-1024x394.jpg\" alt=\"\" width=\"1024\" height=\"394\" srcset=\"http:\/\/www.visvis.se\/wp-content\/uploads\/2022\/05\/vis-kalendariet-1024x394.jpg 1024w, http:\/\/www.visvis.se\/wp-content\/uploads\/2022\/05\/vis-kalendariet-300x116.jpg 300w, http:\/\/www.visvis.se\/wp-content\/uploads\/2022\/05\/vis-kalendariet-768x296.jpg 768w, http:\/\/www.visvis.se\/wp-content\/uploads\/2022\/05\/vis-kalendariet.jpg 1280w\" sizes=\"(max-width: 1024px) 100vw, 1024px\" \/><\/p>\n<p>I kalendariet presenteras kontinuerligt VIS och andras evenemang, utbildningar mm. Ta\u00a0 ocks\u00e5\u00a0 en titt p\u00e5 <a href=\"http:\/\/www.visvis.se\/\">Nya inl\u00e4gg<\/a>\u00a0p\u00e5 startsidan. Du hittar <a href=\"https:\/\/www.facebook.com\/VIS-Vetenskap-i-Skolan-1853674644882927\" target=\"_blank\" rel=\"noopener noreferrer\">mer om VIS aktiviteter \u00e4ven p\u00e5 FaceBook<\/a> .<\/p>\n<hr \/>\n\n\n\n<p><\/p>\n\n\n\n<hr class=\"wp-block-separator has-css-opacity\"\/>\n\n\n\n<p><span style=\"font-size: revert; color: initial;\"><\/span><\/p>\n\n\n\n<p><\/p>\n<\/div><\/div>\n<\/div>\n<\/div>\n","protected":false},"excerpt":{"rendered":"<p>I kalendariet presenteras kontinuerligt VIS och andras evenemang, utbildningar mm. Ta\u00a0 ocks\u00e5\u00a0 en titt p\u00e5 Nya inl\u00e4gg\u00a0p\u00e5 startsidan. Du hittar mer om VIS aktiviteter \u00e4ven p\u00e5 FaceBook .<\/p>\n","protected":false},"author":1,"featured_media":1052,"parent":0,"menu_order":0,"comment_status":"closed","ping_status":"closed","template":"","meta":{"jetpack_post_was_ever_published":false},"jetpack_shortlink":"https:\/\/wp.me\/P7ym19-7K","jetpack-related-posts":[{"id":513,"url":"http:\/\/www.visvis.se\/index.php\/detta-erbjuder-vi\/vis-partner\/","url_meta":{"origin":480,"position":0},"title":"VIS-partner","date":"19 juni, 2016","format":false,"excerpt":"VIS-partner vill sl\u00e5 ett slag f\u00f6r mer vetenskap i skolan VIS-partner \u00e4r ett erbjudande till skolor och andra utbildningsanordnare som vill ha in mer av vetenskapliga perspektiv i utveckling, l\u00e4rarfortbildning och undervisning. VIS-PARTNER ger tillg\u00e5ng till kompetensen hos en stor grupp forskarutbildade l\u00e4rare i olika \u00e4mnen och en bank av\u2026","rel":"","context":"Liknande inl\u00e4gg","img":{"alt_text":"","src":"https:\/\/i0.wp.com\/www.visvis.se\/wp-content\/uploads\/2016\/06\/visloggan1.jpg?resize=350%2C200","width":350,"height":200},"classes":[]},{"id":1300,"url":"http:\/\/www.visvis.se\/index.php\/om-oss\/vis-styrelse-och-revisorer\/","url_meta":{"origin":480,"position":1},"title":"VIS styrelse","date":"22 november, 2018","format":false,"excerpt":"VIS styrelse presenterar sig lite mer utf\u00f6rligt under v\u00e5ren via uppdaterade personsidor, tryck p\u00e5 namnet s\u00e5 \u00f6ppnas sidan.\u00a0 Viktoria Lind\u00e9n, ordf\u00f6randeCamilla Tangvald, vice ordf\u00f6randeMaria Br\u00e4nnstr\u00f6m, verksamhetsledareAnnika AnderssonEva Penneg\u00e5rdRickard Wester\u00a0Margareta Ekborg (suppleant) VIS ekonomiansvarige, H\u00e5kan Lundgren, \u00e4r st\u00e4ndigt adjungerad till styrelsens m\u00f6ten. P\u00e5 bilden ser du (uppifr\u00e5n och fr\u00e5n v\u00e4nster): Annika,\u2026","rel":"","context":"Liknande inl\u00e4gg","img":{"alt_text":"","src":"https:\/\/i0.wp.com\/www.visvis.se\/wp-content\/uploads\/2021\/11\/Styrelse21.jpg?resize=350%2C200","width":350,"height":200},"classes":[]},{"id":53,"url":"http:\/\/www.visvis.se\/index.php\/om-oss\/","url_meta":{"origin":480,"position":2},"title":"Om oss","date":"26 augusti, 2015","format":false,"excerpt":"VIS st\u00e5r p\u00e5 vetenskaplig grund VIS erbjuder skolutveckling p\u00e5 vetenskaplig grund. VIS arbetar ocks\u00e5 f\u00f6r att allm\u00e4nt st\u00e4rka vetenskapliga perspektiv i skolan, \u00a0t ex genom att l\u00e5ta eleverna m\u00f6ta forskare och arbeta tillsammans med dem i olika projekt. . Organisationen VIS VIS \u00e4r ett producentkooperativ som drivs av de forskarutbildade\u2026","rel":"","context":"Liknande inl\u00e4gg","img":{"alt_text":"","src":"https:\/\/i0.wp.com\/www.visvis.se\/wp-content\/uploads\/2015\/08\/skanekartavis2.png?resize=350%2C200","width":350,"height":200},"classes":[]},{"id":452,"url":"http:\/\/www.visvis.se\/index.php\/vi-ar-vis-larare\/anders-karlsson\/","url_meta":{"origin":480,"position":3},"title":"Anders Karlsson","date":"13 februari, 2016","format":false,"excerpt":"fil lic undervisar i religionskunskap Forskningsf\u00e4lt: Projekt jag deltagit i: Elevh\u00e4lsa p\u00e5 vetenskaplig grund med Utsikter Publikationer: Karlsson, Anders (2015). :\u00a0Vilket religionskunskaps\u00e4mne? \u00c4mneskonstruktioner i religionskunskap p\u00e5 gymnasiet med samtalsf\u00f6rhandlingar i centrum.\u00a0","rel":"","context":"Liknande inl\u00e4gg","img":{"alt_text":"","src":"","width":0,"height":0},"classes":[]},{"id":12,"url":"http:\/\/www.visvis.se\/index.php\/vi-ar-vis-larare\/","url_meta":{"origin":480,"position":4},"title":"Vi \u00e4r VIS-l\u00e4rare","date":"24 augusti, 2015","format":false,"excerpt":"VIS-medlemmar som har forskarutbildning (eller \u00e4r p\u00e5 v\u00e4g att forskarutbilda sig) eller arbetar som f\u00f6rstel\u00e4rare kan bli s k VIS-l\u00e4rare och fungera som r\u00e5dgivare, handledare, utbildare eller utredare i skolan,\u00a0 bl a i analys- eller utvecklingsprojekt. H\u00e4r hittar du exempel p\u00e5 projekt och uppdrag d\u00e4r VIS-l\u00e4rare medverkat. Nedan hittar du\u2026","rel":"","context":"Liknande inl\u00e4gg","img":{"alt_text":"","src":"https:\/\/i0.wp.com\/www.visvis.se\/wp-content\/uploads\/2015\/08\/vi_ar_vis_startsida.jpg?resize=350%2C200","width":350,"height":200},"classes":[]},{"id":84,"url":"http:\/\/www.visvis.se\/index.php\/om-oss\/var-finns-vi\/","url_meta":{"origin":480,"position":5},"title":"Var finns vi?","date":"26 augusti, 2015","format":false,"excerpt":"VIS har sin bas i Sk\u00e5ne och men genomf\u00f6r idag uppdrag \u00e4ven p\u00e5 andra h\u00e5ll i Sverige. VIS utvecklar hela tiden samarbetet med forskarutbildade l\u00e4rare utanf\u00f6r Sk\u00e5ne. \u00c4r du forskarutbildad l\u00e4rare verksam utanf\u00f6r Sk\u00e5ne? Tycker du att VIS verksamhetsid\u00e9 \u00e4r intressant och skulle vilja bli medlem? Eller kanske \u00e4ven pr\u00f6va\u2026","rel":"","context":"Liknande inl\u00e4gg","img":{"alt_text":"","src":"https:\/\/i0.wp.com\/www.visvis.se\/wp-content\/uploads\/2018\/04\/fargplattaVIS.jpg?resize=350%2C200","width":350,"height":200},"classes":[]}],"jetpack_sharing_enabled":true,"_links":{"self":[{"href":"http:\/\/www.visvis.se\/index.php\/wp-json\/wp\/v2\/pages\/480"}],"collection":[{"href":"http:\/\/www.visvis.se\/index.php\/wp-json\/wp\/v2\/pages"}],"about":[{"href":"http:\/\/www.visvis.se\/index.php\/wp-json\/wp\/v2\/types\/page"}],"author":[{"embeddable":true,"href":"http:\/\/www.visvis.se\/index.php\/wp-json\/wp\/v2\/users\/1"}],"replies":[{"embeddable":true,"href":"http:\/\/www.visvis.se\/index.php\/wp-json\/wp\/v2\/comments?post=480"}],"version-history":[{"count":287,"href":"http:\/\/www.visvis.se\/index.php\/wp-json\/wp\/v2\/pages\/480\/revisions"}],"predecessor-version":[{"id":2827,"href":"http:\/\/www.visvis.se\/index.php\/wp-json\/wp\/v2\/pages\/480\/revisions\/2827"}],"wp:featuredmedia":[{"embeddable":true,"href":"http:\/\/www.visvis.se\/index.php\/wp-json\/wp\/v2\/media\/1052"}],"wp:attachment":[{"href":"http:\/\/www.visvis.se\/index.php\/wp-json\/wp\/v2\/media?parent=480"}],"curies":[{"name":"wp","href":"https:\/\/api.w.org\/{rel}","templated":true}]}}