{"id":22,"date":"2015-08-24T20:20:55","date_gmt":"2015-08-24T18:20:55","guid":{"rendered":"http:\/\/www.visvis.se\/?page_id=22"},"modified":"2023-06-07T14:09:56","modified_gmt":"2023-06-07T12:09:56","slug":"kontakt","status":"publish","type":"page","link":"http:\/\/www.visvis.se\/index.php\/kontakt\/","title":{"rendered":"Kontakt"},"content":{"rendered":"<p><strong><img data-attachment-id=\"2020\" data-permalink=\"http:\/\/www.visvis.se\/index.php\/vi-ar-vis-larare\/bild-viktoria-linden-2\/\" data-orig-file=\"http:\/\/www.visvis.se\/wp-content\/uploads\/2021\/01\/Bild-Viktoria-Linden-2-e1611653781981.jpg\" data-orig-size=\"146,186\" data-comments-opened=\"0\" data-image-meta=\"{&quot;aperture&quot;:&quot;2.4&quot;,&quot;credit&quot;:&quot;&quot;,&quot;camera&quot;:&quot;iPhone X&quot;,&quot;caption&quot;:&quot;&quot;,&quot;created_timestamp&quot;:&quot;1598293304&quot;,&quot;copyright&quot;:&quot;&quot;,&quot;focal_length&quot;:&quot;6&quot;,&quot;iso&quot;:&quot;160&quot;,&quot;shutter_speed&quot;:&quot;0.04&quot;,&quot;title&quot;:&quot;&quot;,&quot;orientation&quot;:&quot;0&quot;}\" data-image-title=\"Bild &#8211; Viktoria Lind\u00e9n (2)\" data-image-description=\"\" data-image-caption=\"\" data-medium-file=\"http:\/\/www.visvis.se\/wp-content\/uploads\/2021\/01\/Bild-Viktoria-Linden-2-e1611653781981.jpg\" data-large-file=\"http:\/\/www.visvis.se\/wp-content\/uploads\/2021\/01\/Bild-Viktoria-Linden-2-e1611653781981.jpg\" decoding=\"async\" loading=\"lazy\" class=\"alignleft wp-image-2020 size-full\" src=\"http:\/\/www.visvis.se\/wp-content\/uploads\/2021\/01\/Bild-Viktoria-Linden-2-e1611653781981.jpg\" alt=\"Viktoria Lind\u00e9n\" width=\"146\" height=\"186\" \/>VIS tf verksamhetsledare<\/strong><\/p>\n<p>Viktoria Lind\u00e9n<br \/>\n<a href=\"mailto:viktoria.linden@visvis.se\">viktoria.linden@visvis.se<\/a><\/p>\n<p>0734-484601<\/p>\n<p>VIS, Vetenskap i Skolan i Sverige (ekonomisk f\u00f6rening)<\/p>\n<p>Postadress: c\/o Olle Alexandersson, M\u00f6llev\u00e5ngsgatan 27 A,<br \/>\n214 20 Malm\u00f6<br \/>\nOrg nr: 769625-6713<br \/>\nMoms reg nr: SE769625671301.<\/p>\n<p><strong>Ansvarig f\u00f6r VIS hemsida:<\/strong> Per Penneg\u00e5rd, per.pennegard@visvis.se, 0739-57 45 85<\/p>\n<p><strong>VIS har sin bas i Sk\u00e5ne men genomf\u00f6r uppdrag i hela Sverige.<\/strong><\/p>\n","protected":false},"excerpt":{"rendered":"<p>VIS tf verksamhetsledare Viktoria Lind\u00e9n viktoria.linden@visvis.se 0734-484601 VIS, Vetenskap i Skolan i Sverige (ekonomisk f\u00f6rening) Postadress: c\/o Olle Alexandersson, M\u00f6llev\u00e5ngsgatan 27 A, 214 20 Malm\u00f6 Org nr: 769625-6713 Moms reg nr: SE769625671301. Ansvarig f\u00f6r VIS hemsida: Per Penneg\u00e5rd, per.pennegard@visvis.se, 0739-57 45 85 VIS har sin bas i Sk\u00e5ne men genomf\u00f6r uppdrag i hela Sverige.<\/p>\n","protected":false},"author":1,"featured_media":0,"parent":0,"menu_order":0,"comment_status":"closed","ping_status":"closed","template":"","meta":{"jetpack_post_was_ever_published":false},"jetpack_shortlink":"https:\/\/wp.me\/P7ym19-m","jetpack-related-posts":[{"id":84,"url":"http:\/\/www.visvis.se\/index.php\/om-oss\/var-finns-vi\/","url_meta":{"origin":22,"position":0},"title":"Var finns vi?","author":"Visvis","date":"26 augusti, 2015","format":false,"excerpt":"VIS har sin bas i Sk\u00e5ne och men genomf\u00f6r idag uppdrag \u00e4ven p\u00e5 andra h\u00e5ll i Sverige. VIS utvecklar hela tiden samarbetet med forskarutbildade l\u00e4rare utanf\u00f6r Sk\u00e5ne. \u00c4r du forskarutbildad l\u00e4rare verksam utanf\u00f6r Sk\u00e5ne? Tycker du att VIS verksamhetsid\u00e9 \u00e4r intressant och skulle vilja bli medlem? Eller kanske \u00e4ven pr\u00f6va\u2026","rel":"","context":"Liknande inl\u00e4gg","block_context":{"text":"Liknande inl\u00e4gg","link":""},"img":{"alt_text":"","src":"https:\/\/i0.wp.com\/www.visvis.se\/wp-content\/uploads\/2018\/04\/fargplattaVIS.jpg?resize=350%2C200","width":350,"height":200,"srcset":"https:\/\/i0.wp.com\/www.visvis.se\/wp-content\/uploads\/2018\/04\/fargplattaVIS.jpg?resize=350%2C200 1x, https:\/\/i0.wp.com\/www.visvis.se\/wp-content\/uploads\/2018\/04\/fargplattaVIS.jpg?resize=700%2C400 2x, https:\/\/i0.wp.com\/www.visvis.se\/wp-content\/uploads\/2018\/04\/fargplattaVIS.jpg?resize=1050%2C600 3x, https:\/\/i0.wp.com\/www.visvis.se\/wp-content\/uploads\/2018\/04\/fargplattaVIS.jpg?resize=1400%2C800 4x"},"classes":[]},{"id":442,"url":"http:\/\/www.visvis.se\/index.php\/vi-ar-vis-larare\/ingmar-karlsson\/","url_meta":{"origin":22,"position":1},"title":"Ingmar Karlsson","author":"Visvis","date":"13 februari, 2016","format":false,"excerpt":"Doktorand Undervisar i matematik,biologi och kemi i grundskolan, gymnasiet och vuxenutbildning Forskningsf\u00e4lt: Utbildningsvetenskap med inriktningen matematikdidaktik Projekt jag deltar i: L\u00e4romedelsf\u00f6rfattare Publikationer: Artikel i N\u00e4mnaren nr 2\/2008: Geometri i samarbete Artikel i Specialpedagogisk tidskrift nr 1\/2011: Specifika utbildningsbehov i skolmatematiken","rel":"","context":"Liknande inl\u00e4gg","block_context":{"text":"Liknande inl\u00e4gg","link":""},"img":{"alt_text":"","src":"","width":0,"height":0},"classes":[]},{"id":284,"url":"http:\/\/www.visvis.se\/index.php\/vi-ar-vis-larare\/adriana-sturesson\/","url_meta":{"origin":22,"position":2},"title":"Adriana Sturesson","author":"Visvis","date":"21 november, 2015","format":false,"excerpt":"fil lic Gymnasiel\u00e4rare i spanska och engelska Forskningsf\u00e4lt: Projektbaserat l\u00e4rande i spanskundervisning Projekt jag deltar i: Nyckelperson i implementeringen av lgr 11 i Svedala kommun L\u00e4rarf\u00f6rbundets referensorgan f\u00f6r likabehandling och m\u00e5ngfald Publikationer: Maya indianernas utbildningssystem och dess nutida bidrag Universidad Panamericana;\u00a0 M\u00e9xico D.F; Facultad de Pedagog\u00eda; 1996 Projektbaserat l\u00e4rande i\u2026","rel":"","context":"Liknande inl\u00e4gg","block_context":{"text":"Liknande inl\u00e4gg","link":""},"img":{"alt_text":"","src":"","width":0,"height":0},"classes":[]},{"id":530,"url":"http:\/\/www.visvis.se\/index.php\/om-oss\/vi-samarbetar-med-vis\/","url_meta":{"origin":22,"position":3},"title":"VIS samarbetar med","author":"Visvis","date":"19 juni, 2016","format":false,"excerpt":"","rel":"","context":"Liknande inl\u00e4gg","block_context":{"text":"Liknande inl\u00e4gg","link":""},"img":{"alt_text":"","src":"https:\/\/i0.wp.com\/www.visvis.se\/wp-content\/uploads\/2017\/02\/VIS-samarbete-170126.jpg?resize=350%2C200","width":350,"height":200,"srcset":"https:\/\/i0.wp.com\/www.visvis.se\/wp-content\/uploads\/2017\/02\/VIS-samarbete-170126.jpg?resize=350%2C200 1x, https:\/\/i0.wp.com\/www.visvis.se\/wp-content\/uploads\/2017\/02\/VIS-samarbete-170126.jpg?resize=700%2C400 2x"},"classes":[]},{"id":282,"url":"http:\/\/www.visvis.se\/index.php\/vi-ar-vis-larare\/marianne-paulsson-2\/","url_meta":{"origin":22,"position":4},"title":"&nbsp; &nbsp;","author":"Visvis","date":"21 november, 2015","format":false,"excerpt":"\u00a0 \u00a0","rel":"","context":"Liknande inl\u00e4gg","block_context":{"text":"Liknande inl\u00e4gg","link":""},"img":{"alt_text":"","src":"","width":0,"height":0},"classes":[]},{"id":889,"url":"http:\/\/www.visvis.se\/index.php\/vi-ar-vis-larare\/lena-winqvist\/","url_meta":{"origin":22,"position":5},"title":"Lena Winqvist","author":"Visvis","date":"28 februari, 2018","format":false,"excerpt":"","rel":"","context":"Liknande inl\u00e4gg","block_context":{"text":"Liknande inl\u00e4gg","link":""},"img":{"alt_text":"","src":"","width":0,"height":0},"classes":[]}],"jetpack_sharing_enabled":true,"_links":{"self":[{"href":"http:\/\/www.visvis.se\/index.php\/wp-json\/wp\/v2\/pages\/22"}],"collection":[{"href":"http:\/\/www.visvis.se\/index.php\/wp-json\/wp\/v2\/pages"}],"about":[{"href":"http:\/\/www.visvis.se\/index.php\/wp-json\/wp\/v2\/types\/page"}],"author":[{"embeddable":true,"href":"http:\/\/www.visvis.se\/index.php\/wp-json\/wp\/v2\/users\/1"}],"replies":[{"embeddable":true,"href":"http:\/\/www.visvis.se\/index.php\/wp-json\/wp\/v2\/comments?post=22"}],"version-history":[{"count":23,"href":"http:\/\/www.visvis.se\/index.php\/wp-json\/wp\/v2\/pages\/22\/revisions"}],"predecessor-version":[{"id":2923,"href":"http:\/\/www.visvis.se\/index.php\/wp-json\/wp\/v2\/pages\/22\/revisions\/2923"}],"wp:attachment":[{"href":"http:\/\/www.visvis.se\/index.php\/wp-json\/wp\/v2\/media?parent=22"}],"curies":[{"name":"wp","href":"https:\/\/api.w.org\/{rel}","templated":true}]}}