{"id":1042,"date":"2018-08-19T14:49:55","date_gmt":"2018-08-19T12:49:55","guid":{"rendered":"http:\/\/www.visvis.se\/?page_id=1042"},"modified":"2022-01-18T14:30:24","modified_gmt":"2022-01-18T13:30:24","slug":"utbildning-till-processledare","status":"publish","type":"page","link":"http:\/\/www.visvis.se\/index.php\/detta-erbjuder-vi\/paket-och-moduler-oversikt\/utbildning-till-processledare\/","title":{"rendered":"&#8211; Utbildning till processledare"},"content":{"rendered":"<p><a href=\"http:\/\/www.visvis.se\/wp-content\/uploads\/2019\/01\/VIS-processledarutbildning-vt-2019_s2.pdf\">VIS &#8211; Processledarutbildning i moduler &#8211; faktablad<\/a><\/p>\n","protected":false},"excerpt":{"rendered":"<p>VIS &#8211; Processledarutbildning i moduler &#8211; faktablad<\/p>\n","protected":false},"author":1,"featured_media":0,"parent":813,"menu_order":0,"comment_status":"closed","ping_status":"closed","template":"","meta":{"jetpack_post_was_ever_published":false},"jetpack_shortlink":"https:\/\/wp.me\/P7ym19-gO","jetpack-related-posts":[{"id":813,"url":"http:\/\/www.visvis.se\/index.php\/detta-erbjuder-vi\/paket-och-moduler-oversikt\/","url_meta":{"origin":1042,"position":0},"title":"Paket och moduler &#8211; introduktion och \u00f6versikt","date":"16 februari, 2018","format":false,"excerpt":"VIS paket och moduler kan anv\u00e4ndas frist\u00e5ende eller som start p\u00e5 ett skr\u00e4ddarsytt projekt. De kan anpassas efter dina speciella \u00f6nskem\u00e5l. L\u00e4s introduktionerna nedan och klicka p\u00e5 resp rubrik om du vill ha mer information. Vill du ha mer information, kontakta VIS. Utbildning till processledare Skicklig hantering av processer \u00e4r\u2026","rel":"","context":"Liknande inl\u00e4gg","img":{"alt_text":"","src":"https:\/\/i0.wp.com\/www.visvis.se\/wp-content\/uploads\/2015\/08\/vara_tjanster_startsida.jpg?resize=350%2C200","width":350,"height":200},"classes":[]},{"id":63,"url":"http:\/\/www.visvis.se\/index.php\/om-oss\/genomforda-uppdrag\/","url_meta":{"origin":1042,"position":1},"title":"Uppdrag och projekt &#8211; exempel","date":"26 augusti, 2015","format":false,"excerpt":"H\u00e4r f\u00e5r du exempel p\u00e5 uppdrag och projekt som VIS arbetat med de senaste \u00e5ren. Mer om verksamheten hittar du ocks\u00e5 p\u00e5 Facebook. SKOLUTVECKLING ALLM\u00c4NT P\u00e5 nationell niv\u00e5 Utveckling av modell f\u00f6r samverkan skola- f\u00f6retag 2017 \u2013 2018 med st\u00f6d av VINNOVA Analys av l\u00e4rares erfarenheter av och inst\u00e4llning till\u2026","rel":"","context":"Liknande inl\u00e4gg","img":{"alt_text":"","src":"https:\/\/i0.wp.com\/www.visvis.se\/wp-content\/uploads\/2015\/11\/mariasuddig_slide.jpg?resize=350%2C200","width":350,"height":200},"classes":[]},{"id":73,"url":"http:\/\/www.visvis.se\/index.php\/detta-erbjuder-vi\/vis-forstelar-kompetensutveckling-for-forstelarare\/","url_meta":{"origin":1042,"position":2},"title":"&#8211; VIS F\u00f6rsteL\u00e4r &#8211; kompetensutveckling f\u00f6r f\u00f6rstel\u00e4rare","date":"26 augusti, 2015","format":false,"excerpt":"VIS F\u00f6rsteL\u00e4r har skapats av erfarna VIS-l\u00e4rare och \u00e4r ett helt system f\u00f6r utveckling av f\u00f6rstel\u00e4rarens kompetens. Siktet \u00e4r inst\u00e4llt p\u00e5 f\u00f6rstel\u00e4rararens centrala uppgifter: att handleda kolleger och leda kollegialt l\u00e4rande. Systemet erbjuder arbetsverktyg, f\u00f6rdjupad kunskap och erfarenhetsutbyte. Det best\u00e5r av moduler med anpassbara till\u00e4gg inom omr\u00e5den som en f\u00f6rstel\u00e4rare\u2026","rel":"","context":"Liknande inl\u00e4gg","img":{"alt_text":"","src":"","width":0,"height":0},"classes":[]},{"id":669,"url":"http:\/\/www.visvis.se\/index.php\/vi-ar-vis-larare\/laura-brannstrom\/","url_meta":{"origin":1042,"position":3},"title":"Laura Br\u00e4nnstr\u00f6m","date":"15 januari, 2017","format":false,"excerpt":"Fil dr Grundskolel\u00e4rare Undervisar i musik och spanska samt som specialpedagog. Forskningsf\u00e4lt: Musikvetenskap Projekt jag deltagit i: Processledare med bland annat arbete med reflekterande och spr\u00e5kutvecklande arbetss\u00e4tt, digitala verktyg i undervisningen samt implementering av dessa i samband med Lgr 11.\u00a0","rel":"","context":"Liknande inl\u00e4gg","img":{"alt_text":"","src":"","width":0,"height":0},"classes":[]},{"id":60,"url":"http:\/\/www.visvis.se\/index.php\/detta-erbjuder-vi\/","url_meta":{"origin":1042,"position":4},"title":"VIS erbjuder","date":"26 augusti, 2015","format":false,"excerpt":". VIS erbjuder b\u00e5de skr\u00e4ddarsydda tj\u00e4nster, f\u00e4rdiga moduler och paket, ett VIS-partnerskap samt kontakt mellan skola och f\u00f6retag. L\u00e4s mer om v\u00e5ra erbjudanden via l\u00e4nkarna. Skr\u00e4ddarsydda tj\u00e4nster helt efter dina behov F\u00e4rdiga moduler och paket - \u00f6versikt VIS-partner Skola & f\u00f6retag","rel":"","context":"Liknande inl\u00e4gg","img":{"alt_text":"","src":"https:\/\/i0.wp.com\/www.visvis.se\/wp-content\/uploads\/2015\/08\/vara_tjanster_startsida.jpg?resize=350%2C200","width":350,"height":200},"classes":[]},{"id":2017,"url":"http:\/\/www.visvis.se\/index.php\/vi-ar-vis-larare\/viktoria-linden\/","url_meta":{"origin":1042,"position":5},"title":"Viktoria Lind\u00e9n","date":"21 januari, 2021","format":false,"excerpt":"Ordf\u00f6rande: Viktoria Lind\u00e9n Vilka fr\u00e5gor inom utbildningsforskning intresserar mig mest? Skolutveckling och utbildningsforskning \u00e4r n\u00e5gonting som jag verkligen brinner f\u00f6r och som motiverar mig mycket. Med tanke p\u00e5 min breda och l\u00e5nga erfarenhet inom l\u00e4raryrket med elever fr\u00e5n mellanstadie\u00e5ldern upp till vuxenutbildningen och universitetet, s\u00e5v\u00e4l nationellt som internationellt, har jag\u2026","rel":"","context":"Liknande inl\u00e4gg","img":{"alt_text":"","src":"https:\/\/i0.wp.com\/www.visvis.se\/wp-content\/uploads\/2022\/02\/Viktoria-Linden-1.jpg?resize=350%2C200","width":350,"height":200},"classes":[]}],"jetpack_sharing_enabled":true,"_links":{"self":[{"href":"http:\/\/www.visvis.se\/index.php\/wp-json\/wp\/v2\/pages\/1042"}],"collection":[{"href":"http:\/\/www.visvis.se\/index.php\/wp-json\/wp\/v2\/pages"}],"about":[{"href":"http:\/\/www.visvis.se\/index.php\/wp-json\/wp\/v2\/types\/page"}],"author":[{"embeddable":true,"href":"http:\/\/www.visvis.se\/index.php\/wp-json\/wp\/v2\/users\/1"}],"replies":[{"embeddable":true,"href":"http:\/\/www.visvis.se\/index.php\/wp-json\/wp\/v2\/comments?post=1042"}],"version-history":[{"count":6,"href":"http:\/\/www.visvis.se\/index.php\/wp-json\/wp\/v2\/pages\/1042\/revisions"}],"predecessor-version":[{"id":1513,"href":"http:\/\/www.visvis.se\/index.php\/wp-json\/wp\/v2\/pages\/1042\/revisions\/1513"}],"up":[{"embeddable":true,"href":"http:\/\/www.visvis.se\/index.php\/wp-json\/wp\/v2\/pages\/813"}],"wp:attachment":[{"href":"http:\/\/www.visvis.se\/index.php\/wp-json\/wp\/v2\/media?parent=1042"}],"curies":[{"name":"wp","href":"https:\/\/api.w.org\/{rel}","templated":true}]}}